{"id":305,"date":"2023-08-30T14:09:35","date_gmt":"2023-08-30T14:09:35","guid":{"rendered":"https:\/\/goposchte24.de\/index.php\/product\/ariel-all-in-1-pods-revitablack-waschmittelkapseln-13-stucke\/"},"modified":"2023-09-29T22:41:26","modified_gmt":"2023-09-29T21:41:26","slug":"ariel-all-in-1-pods-revitablack-waschmittelkapseln-13-stucke","status":"publish","type":"product","link":"https:\/\/goposchte24.de\/index.php\/product\/ariel-all-in-1-pods-revitablack-waschmittelkapseln-13-stucke\/","title":{"rendered":"Ariel &#8211; All-in-1 Pods +Revitablack Waschmittelkapseln &#8211; 13 St\u00fccke"},"content":{"rendered":"<ul class=\"amazon_features\">\n<li>Ariel + Revitablack All-In-1 Pods Waschmittelkapseln Waschmittel erneuert Schwarzt\u00f6ne und l\u00e4sst dunkles Leuchten mit Faserverj\u00fcngungstechnologie<\/li>\n<li>Au\u00dfergew\u00f6hnliche Reinigung in einer Waschkapsel, auch bei Kaltw\u00e4sche<\/li>\n<li>Passt besonders gut auf deine Kleidung auf<\/li>\n<li>Liefert auch unter schwierigen Bedingungen brillante Ergebnisse<\/li>\n<li>Dieses Produkt enth\u00e4lt: 1 x Ariel &#8211; All-in-1 Pods +Revitablack Waschmittelkapseln &#8211; 13 St\u00fccke<\/li>\n<\/ul>\n","protected":false},"excerpt":{"rendered":"<p>Ariel + Revitablack All-In-1 Pods Waschmittelkapseln Waschmittel erneuert Schwarzt\u00f6ne und l\u00e4sst dunkles Leuchten mit Faserverj\u00fcngungstechnologie Au\u00dfergew\u00f6hnliche Reinigung in einer Waschkapsel, auch bei Kaltw\u00e4sche Passt besonders gut auf deine Kleidung auf Liefert auch unter schwierigen Bedingungen brillante Ergebnisse Dieses Produkt enth\u00e4lt: 1 x Ariel &#8211; All-in-1 Pods +Revitablack Waschmittelkapseln &#8211; 13 St\u00fccke<\/p>\n","protected":false},"featured_media":306,"comment_status":"closed","ping_status":"closed","template":"","meta":[],"product_cat":[],"product_tag":[],"_links":{"self":[{"href":"https:\/\/goposchte24.de\/index.php\/wp-json\/wp\/v2\/product\/305"}],"collection":[{"href":"https:\/\/goposchte24.de\/index.php\/wp-json\/wp\/v2\/product"}],"about":[{"href":"https:\/\/goposchte24.de\/index.php\/wp-json\/wp\/v2\/types\/product"}],"replies":[{"embeddable":true,"href":"https:\/\/goposchte24.de\/index.php\/wp-json\/wp\/v2\/comments?post=305"}],"wp:featuredmedia":[{"embeddable":true,"href":"https:\/\/goposchte24.de\/index.php\/wp-json\/wp\/v2\/media\/306"}],"wp:attachment":[{"href":"https:\/\/goposchte24.de\/index.php\/wp-json\/wp\/v2\/media?parent=305"}],"wp:term":[{"taxonomy":"product_cat","embeddable":true,"href":"https:\/\/goposchte24.de\/index.php\/wp-json\/wp\/v2\/product_cat?post=305"},{"taxonomy":"product_tag","embeddable":true,"href":"https:\/\/goposchte24.de\/index.php\/wp-json\/wp\/v2\/product_tag?post=305"}],"curies":[{"name":"wp","href":"https:\/\/api.w.org\/{rel}","templated":true}]}}