{"id":295,"date":"2023-08-31T20:58:11","date_gmt":"2023-08-31T20:58:11","guid":{"rendered":"https:\/\/goposchte24.de\/index.php\/product\/huggies-newborn-baby-windeln-grose-2-3-bis-6-kg-fur-neugeborene-mit-nasseindikator-210-windeln-monatsbox-monatspack-grospackung\/"},"modified":"2023-09-29T22:41:19","modified_gmt":"2023-09-29T21:41:19","slug":"huggies-newborn-baby-windeln-grose-2-3-bis-6-kg-fur-neugeborene-mit-nasseindikator-210-windeln-monatsbox-monatspack-grospackung","status":"publish","type":"product","link":"https:\/\/goposchte24.de\/index.php\/product\/huggies-newborn-baby-windeln-grose-2-3-bis-6-kg-fur-neugeborene-mit-nasseindikator-210-windeln-monatsbox-monatspack-grospackung\/","title":{"rendered":"Huggies Newborn Baby Windeln Gr\u00f6\u00dfe 2, 3 bis 6 kg, F\u00fcr Neugeborene, Mit N\u00e4sseindikator, 210 Windeln, Monatsbox, Monatspack, Gro\u00dfpackung"},"content":{"rendered":"<ul class=\"amazon_features\">\n<li>Extra weiche Windelhosen Gr\u00f6\u00dfe 2 f\u00fcr neugeborene Jungen und M\u00e4dchen mit einem Gewicht von 3 bis 6 kg; Zum Schutz sensibler Babyhaut; Ideale Packung f\u00fcr 1 Monatsverbrauch<\/li>\n<li>Exklusive, sehr weiche Saugkissen zur Aufnahme von weichem Baby-Stuhl halten die Haut des Babys sauber und trocken; Kein Auslaufen dank tiefer R\u00fcckentasche und den doppelten Beinschutzzonen<\/li>\n<li>Sicherheit: dermatologisch getestete Windeln, frei von Parf\u00fcm und Naturkautschuklatex, Schutz der empfindlichen Haut dank des ultraweichen Materials<\/li>\n<li>T\u00e4glich praktisch: N\u00e4sseindikator, der seine Farbe \u00e4ndert, wenn die Windel nass ist. Elastisches B\u00fcndchen f\u00fcr eine perfekte Passform<\/li>\n<li>Lieferumfang: Huggies Newborn Baby Pants Gr\u00f6\u00dfe 2; Monatsbox; 10 x 21 St\u00fcck; Verpackungsgr\u00f6\u00dfe: 34 x 23 x 20 cm; Verpackungsgewicht: 5,87 kg; Farbe: Wei\u00df; Art: 02599781<\/li>\n<\/ul>\n","protected":false},"excerpt":{"rendered":"<p>Extra weiche Windelhosen Gr\u00f6\u00dfe 2 f\u00fcr neugeborene Jungen und M\u00e4dchen mit einem Gewicht von 3 bis 6 kg; Zum Schutz sensibler Babyhaut; Ideale Packung f\u00fcr 1 Monatsverbrauch Exklusive, sehr weiche Saugkissen zur Aufnahme von weichem Baby-Stuhl halten die Haut des Babys sauber und trocken; Kein Auslaufen dank tiefer R\u00fcckentasche und den doppelten Beinschutzzonen Sicherheit: dermatologisch [&hellip;]<\/p>\n","protected":false},"featured_media":296,"comment_status":"closed","ping_status":"closed","template":"","meta":[],"product_cat":[],"product_tag":[],"_links":{"self":[{"href":"https:\/\/goposchte24.de\/index.php\/wp-json\/wp\/v2\/product\/295"}],"collection":[{"href":"https:\/\/goposchte24.de\/index.php\/wp-json\/wp\/v2\/product"}],"about":[{"href":"https:\/\/goposchte24.de\/index.php\/wp-json\/wp\/v2\/types\/product"}],"replies":[{"embeddable":true,"href":"https:\/\/goposchte24.de\/index.php\/wp-json\/wp\/v2\/comments?post=295"}],"wp:featuredmedia":[{"embeddable":true,"href":"https:\/\/goposchte24.de\/index.php\/wp-json\/wp\/v2\/media\/296"}],"wp:attachment":[{"href":"https:\/\/goposchte24.de\/index.php\/wp-json\/wp\/v2\/media?parent=295"}],"wp:term":[{"taxonomy":"product_cat","embeddable":true,"href":"https:\/\/goposchte24.de\/index.php\/wp-json\/wp\/v2\/product_cat?post=295"},{"taxonomy":"product_tag","embeddable":true,"href":"https:\/\/goposchte24.de\/index.php\/wp-json\/wp\/v2\/product_tag?post=295"}],"curies":[{"name":"wp","href":"https:\/\/api.w.org\/{rel}","templated":true}]}}