{"id":290,"date":"2023-09-05T21:43:38","date_gmt":"2023-09-05T21:43:38","guid":{"rendered":"https:\/\/goposchte24.de\/index.php\/product\/pampers-premium-protection-new-baby-windeln-grose-1-2-5-kg-4er-pack-4x-26-stuck\/"},"modified":"2023-09-29T22:41:15","modified_gmt":"2023-09-29T21:41:15","slug":"pampers-premium-protection-new-baby-windeln-grose-1-2-5-kg-4er-pack-4x-26-stuck","status":"publish","type":"product","link":"https:\/\/goposchte24.de\/index.php\/product\/pampers-premium-protection-new-baby-windeln-grose-1-2-5-kg-4er-pack-4x-26-stuck\/","title":{"rendered":"Pampers Premium Protection New Baby Windeln, Gr\u00f6\u00dfe 1, 2-5 kg, 4er Pack (4x 26 St\u00fcck)"},"content":{"rendered":"","protected":false},"excerpt":{"rendered":"","protected":false},"featured_media":291,"comment_status":"closed","ping_status":"closed","template":"","meta":[],"product_cat":[],"product_tag":[],"_links":{"self":[{"href":"https:\/\/goposchte24.de\/index.php\/wp-json\/wp\/v2\/product\/290"}],"collection":[{"href":"https:\/\/goposchte24.de\/index.php\/wp-json\/wp\/v2\/product"}],"about":[{"href":"https:\/\/goposchte24.de\/index.php\/wp-json\/wp\/v2\/types\/product"}],"replies":[{"embeddable":true,"href":"https:\/\/goposchte24.de\/index.php\/wp-json\/wp\/v2\/comments?post=290"}],"wp:featuredmedia":[{"embeddable":true,"href":"https:\/\/goposchte24.de\/index.php\/wp-json\/wp\/v2\/media\/291"}],"wp:attachment":[{"href":"https:\/\/goposchte24.de\/index.php\/wp-json\/wp\/v2\/media?parent=290"}],"wp:term":[{"taxonomy":"product_cat","embeddable":true,"href":"https:\/\/goposchte24.de\/index.php\/wp-json\/wp\/v2\/product_cat?post=290"},{"taxonomy":"product_tag","embeddable":true,"href":"https:\/\/goposchte24.de\/index.php\/wp-json\/wp\/v2\/product_tag?post=290"}],"curies":[{"name":"wp","href":"https:\/\/api.w.org\/{rel}","templated":true}]}}