{"id":280,"date":"2023-08-30T13:53:25","date_gmt":"2023-08-30T13:53:25","guid":{"rendered":"https:\/\/goposchte24.de\/index.php\/product\/huggies-drynites-fur-jungen-von-8-bis-15-jahren-13-stucke\/"},"modified":"2023-09-29T22:41:07","modified_gmt":"2023-09-29T21:41:07","slug":"huggies-drynites-fur-jungen-von-8-bis-15-jahren-13-stucke","status":"publish","type":"product","link":"https:\/\/goposchte24.de\/index.php\/product\/huggies-drynites-fur-jungen-von-8-bis-15-jahren-13-stucke\/","title":{"rendered":"Huggies DryNites f\u00fcr Jungen von 8 bis 15 Jahren, 13 St\u00fccke"},"content":{"rendered":"<ul class=\"amazon_features\">\n<li>Starker Schutz in der Nacht &#8211; die hochabsorbierenden Windelhosen f\u00fcr Jungs (8 &#8211; 15 Jahre) verhindern das Auslaufen von Fl\u00fcssigkeiten<\/li>\n<li>Die Nachth\u00f6schen von Dry-Nites haben 5 saugf\u00e4hige Schichten gegen Einn\u00e4ssen und besitzen eine spezielle Schutzzone extra f\u00fcr Jungs<\/li>\n<li>Die dehnbaren Pyjama-Unterhosen schmiegen sich an den K\u00f6rper des Kindes an und sind auch tags\u00fcber bequem und diskret zu tragen<\/li>\n<li>F\u00fchlen sich an wie normale Unterw\u00e4sche mit tollem Disney Design. Ger\u00e4uscharmes Material &#8211; dezentes, stoff\u00e4hnliches ger\u00e4uscharmes Material<\/li>\n<li>Inhalt: Box mit 13 Windelpants passend f\u00fcr Kinder 8-15 Jahre (27 &#8211; 57kg), idealer Vorteilspack<\/li>\n<\/ul>\n","protected":false},"excerpt":{"rendered":"<p>Starker Schutz in der Nacht &#8211; die hochabsorbierenden Windelhosen f\u00fcr Jungs (8 &#8211; 15 Jahre) verhindern das Auslaufen von Fl\u00fcssigkeiten Die Nachth\u00f6schen von Dry-Nites haben 5 saugf\u00e4hige Schichten gegen Einn\u00e4ssen und besitzen eine spezielle Schutzzone extra f\u00fcr Jungs Die dehnbaren Pyjama-Unterhosen schmiegen sich an den K\u00f6rper des Kindes an und sind auch tags\u00fcber bequem und [&hellip;]<\/p>\n","protected":false},"featured_media":281,"comment_status":"closed","ping_status":"closed","template":"","meta":[],"product_cat":[],"product_tag":[],"_links":{"self":[{"href":"https:\/\/goposchte24.de\/index.php\/wp-json\/wp\/v2\/product\/280"}],"collection":[{"href":"https:\/\/goposchte24.de\/index.php\/wp-json\/wp\/v2\/product"}],"about":[{"href":"https:\/\/goposchte24.de\/index.php\/wp-json\/wp\/v2\/types\/product"}],"replies":[{"embeddable":true,"href":"https:\/\/goposchte24.de\/index.php\/wp-json\/wp\/v2\/comments?post=280"}],"wp:featuredmedia":[{"embeddable":true,"href":"https:\/\/goposchte24.de\/index.php\/wp-json\/wp\/v2\/media\/281"}],"wp:attachment":[{"href":"https:\/\/goposchte24.de\/index.php\/wp-json\/wp\/v2\/media?parent=280"}],"wp:term":[{"taxonomy":"product_cat","embeddable":true,"href":"https:\/\/goposchte24.de\/index.php\/wp-json\/wp\/v2\/product_cat?post=280"},{"taxonomy":"product_tag","embeddable":true,"href":"https:\/\/goposchte24.de\/index.php\/wp-json\/wp\/v2\/product_tag?post=280"}],"curies":[{"name":"wp","href":"https:\/\/api.w.org\/{rel}","templated":true}]}}