{"id":269,"date":"2023-09-05T22:49:23","date_gmt":"2023-09-05T22:49:23","guid":{"rendered":"https:\/\/goposchte24.de\/index.php\/product\/pampers-baby-windeln-grose-2-4-8kg-baby-dry-mini-big-pack-bis-zu-12-stunden-rundum-auslaufschutz-90-stuck\/"},"modified":"2023-09-29T22:40:57","modified_gmt":"2023-09-29T21:40:57","slug":"pampers-baby-windeln-grose-2-4-8kg-baby-dry-mini-big-pack-bis-zu-12-stunden-rundum-auslaufschutz-90-stuck","status":"publish","type":"product","link":"https:\/\/goposchte24.de\/index.php\/product\/pampers-baby-windeln-grose-2-4-8kg-baby-dry-mini-big-pack-bis-zu-12-stunden-rundum-auslaufschutz-90-stuck\/","title":{"rendered":"Pampers Baby Windeln Gr\u00f6\u00dfe 2 (4-8kg) Baby-Dry, Mini, BIG PACK, bis zu 12 Stunden Rundum-Auslaufschutz, 90 St\u00fcck"},"content":{"rendered":"<ul class=\"amazon_features\">\n<li>Das einzigartige 3-fach-Schutz-System sorgt f\u00fcr bis zu 12 Stunden Rundum-Auslaufschutz<\/li>\n<li>Windeln mit einzigartiger Schutzlage f\u00fcr schnelle Absorption<\/li>\n<li>Super saugf\u00e4higer Kern, der die Fl\u00fcssigkeit einschlie\u00dft<\/li>\n<li>Doppelte Beinb\u00fcnden helfen, ein Auslaufen rundum die Beinchen zu verhindern<\/li>\n<li>Die Flexi-Seitenfl\u00fcgel passen sich angenehm an das B\u00e4uchlein deines Babys an und sorgen f\u00fcr eine sichere Passform<\/li>\n<li>Der Urin-Indikator zeigt dir an, wann es Zeit f\u00fcr eine neue Windel sein k\u00f6nnte<\/li>\n<\/ul>\n","protected":false},"excerpt":{"rendered":"<p>Das einzigartige 3-fach-Schutz-System sorgt f\u00fcr bis zu 12 Stunden Rundum-Auslaufschutz Windeln mit einzigartiger Schutzlage f\u00fcr schnelle Absorption Super saugf\u00e4higer Kern, der die Fl\u00fcssigkeit einschlie\u00dft Doppelte Beinb\u00fcnden helfen, ein Auslaufen rundum die Beinchen zu verhindern Die Flexi-Seitenfl\u00fcgel passen sich angenehm an das B\u00e4uchlein deines Babys an und sorgen f\u00fcr eine sichere Passform Der Urin-Indikator zeigt dir [&hellip;]<\/p>\n","protected":false},"featured_media":270,"comment_status":"closed","ping_status":"closed","template":"","meta":[],"product_cat":[],"product_tag":[],"_links":{"self":[{"href":"https:\/\/goposchte24.de\/index.php\/wp-json\/wp\/v2\/product\/269"}],"collection":[{"href":"https:\/\/goposchte24.de\/index.php\/wp-json\/wp\/v2\/product"}],"about":[{"href":"https:\/\/goposchte24.de\/index.php\/wp-json\/wp\/v2\/types\/product"}],"replies":[{"embeddable":true,"href":"https:\/\/goposchte24.de\/index.php\/wp-json\/wp\/v2\/comments?post=269"}],"wp:featuredmedia":[{"embeddable":true,"href":"https:\/\/goposchte24.de\/index.php\/wp-json\/wp\/v2\/media\/270"}],"wp:attachment":[{"href":"https:\/\/goposchte24.de\/index.php\/wp-json\/wp\/v2\/media?parent=269"}],"wp:term":[{"taxonomy":"product_cat","embeddable":true,"href":"https:\/\/goposchte24.de\/index.php\/wp-json\/wp\/v2\/product_cat?post=269"},{"taxonomy":"product_tag","embeddable":true,"href":"https:\/\/goposchte24.de\/index.php\/wp-json\/wp\/v2\/product_tag?post=269"}],"curies":[{"name":"wp","href":"https:\/\/api.w.org\/{rel}","templated":true}]}}