{"id":259,"date":"2023-08-30T14:32:19","date_gmt":"2023-08-30T14:32:19","guid":{"rendered":"https:\/\/goposchte24.de\/index.php\/product\/ariel-waschmittel-pods-all-in-1-53-waschladungen-universal-frischer-wascheduft-und-strahlende-reinheit\/"},"modified":"2023-09-29T22:40:49","modified_gmt":"2023-09-29T21:40:49","slug":"ariel-waschmittel-pods-all-in-1-53-waschladungen-universal-frischer-wascheduft-und-strahlende-reinheit","status":"publish","type":"product","link":"https:\/\/goposchte24.de\/index.php\/product\/ariel-waschmittel-pods-all-in-1-53-waschladungen-universal-frischer-wascheduft-und-strahlende-reinheit\/","title":{"rendered":"Ariel Waschmittel Pods All-in-1, 53 Waschladungen, Universal Frischer W\u00e4scheduft und strahlende Reinheit"},"content":{"rendered":"<ul class=\"amazon_features\">\n<li>All-in-1: 1. Fleckentfernung 2. Strahlende Reinheit 3. Frischer Duft 4. Faserpflege 5. Effektiv ab 20\u00b0C<\/li>\n<li>Ausgezeichnete Fleckenentfernung beim 1.\u00a0Waschen, selbst in kaltem Wasser<\/li>\n<li>Strahlende Reinheit und frische Kleidung<\/li>\n<li>Wasserl\u00f6sliche und biologisch abbaubare H\u00fclle<\/li>\n<li>Einfache Handhabung: kein Dosieren n\u00f6tig<\/li>\n<li>Das Verpackungsdesign kann aufgrund einer Design\u00e4nderung mitunter abweichen<\/li>\n<\/ul>\n","protected":false},"excerpt":{"rendered":"<p>All-in-1: 1. Fleckentfernung 2. Strahlende Reinheit 3. Frischer Duft 4. Faserpflege 5. Effektiv ab 20\u00b0C Ausgezeichnete Fleckenentfernung beim 1.\u00a0Waschen, selbst in kaltem Wasser Strahlende Reinheit und frische Kleidung Wasserl\u00f6sliche und biologisch abbaubare H\u00fclle Einfache Handhabung: kein Dosieren n\u00f6tig Das Verpackungsdesign kann aufgrund einer Design\u00e4nderung mitunter abweichen<\/p>\n","protected":false},"featured_media":260,"comment_status":"closed","ping_status":"closed","template":"","meta":[],"product_cat":[],"product_tag":[],"_links":{"self":[{"href":"https:\/\/goposchte24.de\/index.php\/wp-json\/wp\/v2\/product\/259"}],"collection":[{"href":"https:\/\/goposchte24.de\/index.php\/wp-json\/wp\/v2\/product"}],"about":[{"href":"https:\/\/goposchte24.de\/index.php\/wp-json\/wp\/v2\/types\/product"}],"replies":[{"embeddable":true,"href":"https:\/\/goposchte24.de\/index.php\/wp-json\/wp\/v2\/comments?post=259"}],"wp:featuredmedia":[{"embeddable":true,"href":"https:\/\/goposchte24.de\/index.php\/wp-json\/wp\/v2\/media\/260"}],"wp:attachment":[{"href":"https:\/\/goposchte24.de\/index.php\/wp-json\/wp\/v2\/media?parent=259"}],"wp:term":[{"taxonomy":"product_cat","embeddable":true,"href":"https:\/\/goposchte24.de\/index.php\/wp-json\/wp\/v2\/product_cat?post=259"},{"taxonomy":"product_tag","embeddable":true,"href":"https:\/\/goposchte24.de\/index.php\/wp-json\/wp\/v2\/product_tag?post=259"}],"curies":[{"name":"wp","href":"https:\/\/api.w.org\/{rel}","templated":true}]}}