{"id":252,"date":"2023-09-19T09:01:53","date_gmt":"2023-09-19T09:01:53","guid":{"rendered":"https:\/\/goposchte24.de\/index.php\/product\/pampers-harmonie-coco-feuchttucher-18-packungen-mit-44-stuck-792-feuchttucher-mit-kokosnussol-feuchtigkeitsspendend-schutzend\/"},"modified":"2023-09-29T22:40:43","modified_gmt":"2023-09-29T21:40:43","slug":"pampers-harmonie-coco-feuchttucher-18-packungen-mit-44-stuck-792-feuchttucher-mit-kokosnussol-feuchtigkeitsspendend-schutzend","status":"publish","type":"product","link":"https:\/\/goposchte24.de\/index.php\/product\/pampers-harmonie-coco-feuchttucher-18-packungen-mit-44-stuck-792-feuchttucher-mit-kokosnussol-feuchtigkeitsspendend-schutzend\/","title":{"rendered":"Pampers Harmonie Coco Feuchtt\u00fccher, 18 Packungen mit 44 St\u00fcck = 792 Feuchtt\u00fccher, mit Kokosnuss\u00f6l, feuchtigkeitsspendend &amp; sch\u00fctzend"},"content":{"rendered":"<ul class=\"amazon_features\">\n<li>Spendet der empfindlichen Babyhaut Feuchtigkeit und sch\u00fctzt sie mit Bio-Kokosnuss\u00f6l<\/li>\n<li>Feuchtt\u00fccher hergestellt aus 100 % pflanzenbasierten Fasern aus nachhaltigen Quellen, 0 % Plastik im Tuch<\/li>\n<li>Einzigartige Formel auf Wasserbasis, die den pH-Wert der nat\u00fcrlichen Haut sch\u00fctzt<\/li>\n<li>Hergestellt ohne Farbstoffe und Alkohol<\/li>\n<li>Dermatologisch getestet und von Dermatologen der Skin Health Alliance best\u00e4tigt. Geeignet f\u00fcr die Haut von Neugeborenen<\/li>\n<li>Hilft empfindliche Babyhaut besser vor Reizungen zu sch\u00fctzen als Baumwolle und Wasser<\/li>\n<li>Mit leichtem Kokosnussduft<\/li>\n<li>Verschluss aus 50% wiederverwerteten Plastikresten aus industrieller Produktion<\/li>\n<\/ul>\n","protected":false},"excerpt":{"rendered":"<p>Spendet der empfindlichen Babyhaut Feuchtigkeit und sch\u00fctzt sie mit Bio-Kokosnuss\u00f6l Feuchtt\u00fccher hergestellt aus 100 % pflanzenbasierten Fasern aus nachhaltigen Quellen, 0 % Plastik im Tuch Einzigartige Formel auf Wasserbasis, die den pH-Wert der nat\u00fcrlichen Haut sch\u00fctzt Hergestellt ohne Farbstoffe und Alkohol Dermatologisch getestet und von Dermatologen der Skin Health Alliance best\u00e4tigt. Geeignet f\u00fcr die Haut [&hellip;]<\/p>\n","protected":false},"featured_media":253,"comment_status":"closed","ping_status":"closed","template":"","meta":[],"product_cat":[],"product_tag":[],"_links":{"self":[{"href":"https:\/\/goposchte24.de\/index.php\/wp-json\/wp\/v2\/product\/252"}],"collection":[{"href":"https:\/\/goposchte24.de\/index.php\/wp-json\/wp\/v2\/product"}],"about":[{"href":"https:\/\/goposchte24.de\/index.php\/wp-json\/wp\/v2\/types\/product"}],"replies":[{"embeddable":true,"href":"https:\/\/goposchte24.de\/index.php\/wp-json\/wp\/v2\/comments?post=252"}],"wp:featuredmedia":[{"embeddable":true,"href":"https:\/\/goposchte24.de\/index.php\/wp-json\/wp\/v2\/media\/253"}],"wp:attachment":[{"href":"https:\/\/goposchte24.de\/index.php\/wp-json\/wp\/v2\/media?parent=252"}],"wp:term":[{"taxonomy":"product_cat","embeddable":true,"href":"https:\/\/goposchte24.de\/index.php\/wp-json\/wp\/v2\/product_cat?post=252"},{"taxonomy":"product_tag","embeddable":true,"href":"https:\/\/goposchte24.de\/index.php\/wp-json\/wp\/v2\/product_tag?post=252"}],"curies":[{"name":"wp","href":"https:\/\/api.w.org\/{rel}","templated":true}]}}