{"id":245,"date":"2023-08-31T20:24:06","date_gmt":"2023-08-31T20:24:06","guid":{"rendered":"https:\/\/goposchte24.de\/index.php\/product\/pampers-harmonie-windeln-grose-5-58-schichten\/"},"modified":"2023-09-29T22:40:39","modified_gmt":"2023-09-29T21:40:39","slug":"pampers-harmonie-windeln-grose-5-58-schichten","status":"publish","type":"product","link":"https:\/\/goposchte24.de\/index.php\/product\/pampers-harmonie-windeln-grose-5-58-schichten\/","title":{"rendered":"Pampers Harmonie Windeln Gr\u00f6\u00dfe: 5, 58 Schichten"},"content":{"rendered":"<ul class=\"amazon_features\">\n<li>Windeln aus hochwertiger Baumwolle, weichen Fasern pflanzlichen Ursprungs und anderen sorgf\u00e4ltig ausgew\u00e4hlten Komponenten<\/li>\n<li>Garantiert 100 % Pampers-Absorption und bieten bis zu 12 Stunden trocken<\/li>\n<li>Hypoallergen (entwickelt, um das Risiko von Allergien zu minimieren), dermatologisch getestet und zertifiziert durch das unabh\u00e4ngige \u00d6ko-Tex Standard 100<\/li>\n<li>Entworfen ohne Lotion, Parf\u00fcm und keine der 26 von der EU aufgelisteten Allergene<\/li>\n<li>FSC-zertifiziert, Zellulose in ihrem absorbierenden Kern stammt aus gut bewirtschafteten W\u00e4ldern und anderen kontrollierten Quellen<\/li>\n<li>Niedliche Drucke und ein sehr praktischer Urinindikator<\/li>\n<\/ul>\n","protected":false},"excerpt":{"rendered":"<p>Windeln aus hochwertiger Baumwolle, weichen Fasern pflanzlichen Ursprungs und anderen sorgf\u00e4ltig ausgew\u00e4hlten Komponenten Garantiert 100 % Pampers-Absorption und bieten bis zu 12 Stunden trocken Hypoallergen (entwickelt, um das Risiko von Allergien zu minimieren), dermatologisch getestet und zertifiziert durch das unabh\u00e4ngige \u00d6ko-Tex Standard 100 Entworfen ohne Lotion, Parf\u00fcm und keine der 26 von der EU aufgelisteten [&hellip;]<\/p>\n","protected":false},"featured_media":246,"comment_status":"closed","ping_status":"closed","template":"","meta":[],"product_cat":[],"product_tag":[],"_links":{"self":[{"href":"https:\/\/goposchte24.de\/index.php\/wp-json\/wp\/v2\/product\/245"}],"collection":[{"href":"https:\/\/goposchte24.de\/index.php\/wp-json\/wp\/v2\/product"}],"about":[{"href":"https:\/\/goposchte24.de\/index.php\/wp-json\/wp\/v2\/types\/product"}],"replies":[{"embeddable":true,"href":"https:\/\/goposchte24.de\/index.php\/wp-json\/wp\/v2\/comments?post=245"}],"wp:featuredmedia":[{"embeddable":true,"href":"https:\/\/goposchte24.de\/index.php\/wp-json\/wp\/v2\/media\/246"}],"wp:attachment":[{"href":"https:\/\/goposchte24.de\/index.php\/wp-json\/wp\/v2\/media?parent=245"}],"wp:term":[{"taxonomy":"product_cat","embeddable":true,"href":"https:\/\/goposchte24.de\/index.php\/wp-json\/wp\/v2\/product_cat?post=245"},{"taxonomy":"product_tag","embeddable":true,"href":"https:\/\/goposchte24.de\/index.php\/wp-json\/wp\/v2\/product_tag?post=245"}],"curies":[{"name":"wp","href":"https:\/\/api.w.org\/{rel}","templated":true}]}}