{"id":235,"date":"2023-09-06T15:02:24","date_gmt":"2023-09-06T15:02:24","guid":{"rendered":"https:\/\/goposchte24.de\/index.php\/product\/pampers-baby-windeln-grose-2-4-8kg-premium-protection-mini-240-stuck-monatsbox\/"},"modified":"2023-09-29T22:40:32","modified_gmt":"2023-09-29T21:40:32","slug":"pampers-baby-windeln-grose-2-4-8kg-premium-protection-mini-240-stuck-monatsbox","status":"publish","type":"product","link":"https:\/\/goposchte24.de\/index.php\/product\/pampers-baby-windeln-grose-2-4-8kg-premium-protection-mini-240-stuck-monatsbox\/","title":{"rendered":"Pampers Baby Windeln Gr\u00f6\u00dfe 2 (4-8kg) Premium Protection, Mini, 240 St\u00fcck, MONATSBOX"},"content":{"rendered":"<ul class=\"amazon_features\">\n<li>Das DERMACOMFORT Innenvlies bietet den weichsten Komfort von Pampers<\/li>\n<li>Es nimmt Feuchtigkeit und fl\u00fcssigen Stuhl auf und leitet sie von der Babyhaut weg<\/li>\n<li>Millionen von Mikroporen lassen die Luft in der Windel zirkulieren und halten die empfindliche Babyhaut trocken<\/li>\n<li>Bis zu 100 % Auslaufschutz dank eines einzigartigen 3-fach-Schutz-Systems, das Fl\u00fcssigkeit schnell absorbiert und das Auslaufen an B\u00e4uchlein und Beinchen verhindert<\/li>\n<li>Ultra weiche Materialien bieten Komfort und Schutz<\/li>\n<li>Ultra weiche Flexi-Seitenfl\u00fcgel passen sich sanft an das B\u00e4uchlein deines Babys an und vermeiden Hautreizungen<\/li>\n<li>Der Urin-Indikator zeigt an, wann es Zeit f\u00fcr eine neue Windel sein k\u00f6nnte<\/li>\n<li>Nabelfreundliche Form zum Schutz des empfindlichen B\u00e4uchleins deines Neugeborenen<\/li>\n<\/ul>\n","protected":false},"excerpt":{"rendered":"<p>Das DERMACOMFORT Innenvlies bietet den weichsten Komfort von Pampers Es nimmt Feuchtigkeit und fl\u00fcssigen Stuhl auf und leitet sie von der Babyhaut weg Millionen von Mikroporen lassen die Luft in der Windel zirkulieren und halten die empfindliche Babyhaut trocken Bis zu 100 % Auslaufschutz dank eines einzigartigen 3-fach-Schutz-Systems, das Fl\u00fcssigkeit schnell absorbiert und das Auslaufen [&hellip;]<\/p>\n","protected":false},"featured_media":236,"comment_status":"closed","ping_status":"closed","template":"","meta":[],"product_cat":[],"product_tag":[],"_links":{"self":[{"href":"https:\/\/goposchte24.de\/index.php\/wp-json\/wp\/v2\/product\/235"}],"collection":[{"href":"https:\/\/goposchte24.de\/index.php\/wp-json\/wp\/v2\/product"}],"about":[{"href":"https:\/\/goposchte24.de\/index.php\/wp-json\/wp\/v2\/types\/product"}],"replies":[{"embeddable":true,"href":"https:\/\/goposchte24.de\/index.php\/wp-json\/wp\/v2\/comments?post=235"}],"wp:featuredmedia":[{"embeddable":true,"href":"https:\/\/goposchte24.de\/index.php\/wp-json\/wp\/v2\/media\/236"}],"wp:attachment":[{"href":"https:\/\/goposchte24.de\/index.php\/wp-json\/wp\/v2\/media?parent=235"}],"wp:term":[{"taxonomy":"product_cat","embeddable":true,"href":"https:\/\/goposchte24.de\/index.php\/wp-json\/wp\/v2\/product_cat?post=235"},{"taxonomy":"product_tag","embeddable":true,"href":"https:\/\/goposchte24.de\/index.php\/wp-json\/wp\/v2\/product_tag?post=235"}],"curies":[{"name":"wp","href":"https:\/\/api.w.org\/{rel}","templated":true}]}}