{"id":195,"date":"2023-09-19T08:57:50","date_gmt":"2023-09-19T08:57:50","guid":{"rendered":"https:\/\/goposchte24.de\/index.php\/product\/pampers-harmonie-aqua-baby-feuchttucher-6-x-48-sanfter-hautschutz-fur-zarte-haut-mit-99-wasser-288-tucher\/"},"modified":"2023-09-29T22:40:02","modified_gmt":"2023-09-29T21:40:02","slug":"pampers-harmonie-aqua-baby-feuchttucher-6-x-48-sanfter-hautschutz-fur-zarte-haut-mit-99-wasser-288-tucher","status":"publish","type":"product","link":"https:\/\/goposchte24.de\/index.php\/product\/pampers-harmonie-aqua-baby-feuchttucher-6-x-48-sanfter-hautschutz-fur-zarte-haut-mit-99-wasser-288-tucher\/","title":{"rendered":"Pampers Harmonie Aqua Baby Feuchtt\u00fccher (6 x 48), sanfter Hautschutz f\u00fcr zarte Haut mit 99% Wasser, 288 T\u00fccher"},"content":{"rendered":"<ul class=\"amazon_features\">\n<li>Sanfter Hautschutz f\u00fcr empfindliche Haut mit 99 % Wasser. Zur milden Reinigung<\/li>\n<li>Feuchtt\u00fccher aus 100 % pflanzenbasierten Fasern, 0 % Plastik im Tuch<\/li>\n<li>Einzigartige Formel mit Premium-Baumwolle. Weich wie Federn auf der empfindlichen Babyhaut<\/li>\n<li>Hergestellt ohne Alkohol, Parf\u00fcm oder Farbstoffe<\/li>\n<li>Dermatologisch getestet und von Dermatologen der Skin Health Alliance best\u00e4tigt<\/li>\n<li>Hilft empfindliche Babyhaut besser vor Reizungen zu sch\u00fctzen als Baumwolle und Wasser<\/li>\n<li>Sicher f\u00fcr die Haut von Neugeborenen. Geeignet f\u00fcr Po, H\u00e4ndchen und Gesicht<\/li>\n<li>Verschluss aus 50 % wiederverwerteten Plastikresten aus industrieller Produktion<\/li>\n<\/ul>\n","protected":false},"excerpt":{"rendered":"<p>Sanfter Hautschutz f\u00fcr empfindliche Haut mit 99 % Wasser. Zur milden Reinigung Feuchtt\u00fccher aus 100 % pflanzenbasierten Fasern, 0 % Plastik im Tuch Einzigartige Formel mit Premium-Baumwolle. Weich wie Federn auf der empfindlichen Babyhaut Hergestellt ohne Alkohol, Parf\u00fcm oder Farbstoffe Dermatologisch getestet und von Dermatologen der Skin Health Alliance best\u00e4tigt Hilft empfindliche Babyhaut besser vor [&hellip;]<\/p>\n","protected":false},"featured_media":196,"comment_status":"closed","ping_status":"closed","template":"","meta":[],"product_cat":[],"product_tag":[],"_links":{"self":[{"href":"https:\/\/goposchte24.de\/index.php\/wp-json\/wp\/v2\/product\/195"}],"collection":[{"href":"https:\/\/goposchte24.de\/index.php\/wp-json\/wp\/v2\/product"}],"about":[{"href":"https:\/\/goposchte24.de\/index.php\/wp-json\/wp\/v2\/types\/product"}],"replies":[{"embeddable":true,"href":"https:\/\/goposchte24.de\/index.php\/wp-json\/wp\/v2\/comments?post=195"}],"wp:featuredmedia":[{"embeddable":true,"href":"https:\/\/goposchte24.de\/index.php\/wp-json\/wp\/v2\/media\/196"}],"wp:attachment":[{"href":"https:\/\/goposchte24.de\/index.php\/wp-json\/wp\/v2\/media?parent=195"}],"wp:term":[{"taxonomy":"product_cat","embeddable":true,"href":"https:\/\/goposchte24.de\/index.php\/wp-json\/wp\/v2\/product_cat?post=195"},{"taxonomy":"product_tag","embeddable":true,"href":"https:\/\/goposchte24.de\/index.php\/wp-json\/wp\/v2\/product_tag?post=195"}],"curies":[{"name":"wp","href":"https:\/\/api.w.org\/{rel}","templated":true}]}}