{"id":177,"date":"2023-09-20T20:32:55","date_gmt":"2023-09-20T20:32:55","guid":{"rendered":"https:\/\/goposchte24.de\/index.php\/product\/abena-licht-abena-light-maxi-4-a-fur-leichte-inkontinenz-1000-ml-fall-6-packungen-x\/"},"modified":"2023-09-29T22:39:47","modified_gmt":"2023-09-29T21:39:47","slug":"abena-licht-abena-light-maxi-4-a-fur-leichte-inkontinenz-1000-ml-fall-6-packungen-x","status":"publish","type":"product","link":"https:\/\/goposchte24.de\/index.php\/product\/abena-licht-abena-light-maxi-4-a-fur-leichte-inkontinenz-1000-ml-fall-6-packungen-x\/","title":{"rendered":"Abena Licht Abena Light Maxi 4\u00a0A f\u00fcr leichte Inkontinenz (1000\u00a0ml) Fall 6\u00a0Packungen x"},"content":{"rendered":"<ul class=\"amazon_features\">\n<li>Optimalen Komfort Und Diskretion<\/li>\n<li>Weiche Und Zuverl\u00e4ssige Flache L\u00e4nge M\u00f6glichkeiten Seitliche Barrieren<\/li>\n<li>Einzigartige Topdry-System, Stellen Eine Trockene Oberfl\u00e4che Und Schnelle Fl\u00fcssigkeitsaufnahme W\u00e4hrend Bieten Komplette Atmungsaktivit\u00e4t<\/li>\n<li>Geruch-System, Keine B\u00f6sen Geruch Minimierung<\/li>\n<\/ul>\n","protected":false},"excerpt":{"rendered":"<p>Optimalen Komfort Und Diskretion Weiche Und Zuverl\u00e4ssige Flache L\u00e4nge M\u00f6glichkeiten Seitliche Barrieren Einzigartige Topdry-System, Stellen Eine Trockene Oberfl\u00e4che Und Schnelle Fl\u00fcssigkeitsaufnahme W\u00e4hrend Bieten Komplette Atmungsaktivit\u00e4t Geruch-System, Keine B\u00f6sen Geruch Minimierung<\/p>\n","protected":false},"featured_media":178,"comment_status":"closed","ping_status":"closed","template":"","meta":[],"product_cat":[],"product_tag":[],"_links":{"self":[{"href":"https:\/\/goposchte24.de\/index.php\/wp-json\/wp\/v2\/product\/177"}],"collection":[{"href":"https:\/\/goposchte24.de\/index.php\/wp-json\/wp\/v2\/product"}],"about":[{"href":"https:\/\/goposchte24.de\/index.php\/wp-json\/wp\/v2\/types\/product"}],"replies":[{"embeddable":true,"href":"https:\/\/goposchte24.de\/index.php\/wp-json\/wp\/v2\/comments?post=177"}],"wp:featuredmedia":[{"embeddable":true,"href":"https:\/\/goposchte24.de\/index.php\/wp-json\/wp\/v2\/media\/178"}],"wp:attachment":[{"href":"https:\/\/goposchte24.de\/index.php\/wp-json\/wp\/v2\/media?parent=177"}],"wp:term":[{"taxonomy":"product_cat","embeddable":true,"href":"https:\/\/goposchte24.de\/index.php\/wp-json\/wp\/v2\/product_cat?post=177"},{"taxonomy":"product_tag","embeddable":true,"href":"https:\/\/goposchte24.de\/index.php\/wp-json\/wp\/v2\/product_tag?post=177"}],"curies":[{"name":"wp","href":"https:\/\/api.w.org\/{rel}","templated":true}]}}