{"id":175,"date":"2023-08-31T21:02:04","date_gmt":"2023-08-31T21:02:04","guid":{"rendered":"https:\/\/goposchte24.de\/index.php\/product\/pampers-night-windeln-pants-grose-6-15kg-baby-dry-124-hoschenwindeln-alte-version\/"},"modified":"2023-09-29T22:39:45","modified_gmt":"2023-09-29T21:39:45","slug":"pampers-night-windeln-pants-grose-6-15kg-baby-dry-124-hoschenwindeln-alte-version","status":"publish","type":"product","link":"https:\/\/goposchte24.de\/index.php\/product\/pampers-night-windeln-pants-grose-6-15kg-baby-dry-124-hoschenwindeln-alte-version\/","title":{"rendered":"Pampers Night Windeln Pants Gr\u00f6\u00dfe 6 (15kg+) Baby-Dry, 124 H\u00f6schenwindeln, Alte Version"},"content":{"rendered":"<ul class=\"amazon_features\">\n<li>Pampers Night Windeln Pants Gr\u00f6\u00dfe 6 (15kg+) Baby-Dry, 124 H\u00f6schenwindeln, Alte Version<\/li>\n<\/ul>\n","protected":false},"excerpt":{"rendered":"<p>Pampers Night Windeln Pants Gr\u00f6\u00dfe 6 (15kg+) Baby-Dry, 124 H\u00f6schenwindeln, Alte Version<\/p>\n","protected":false},"featured_media":176,"comment_status":"closed","ping_status":"closed","template":"","meta":[],"product_cat":[],"product_tag":[],"_links":{"self":[{"href":"https:\/\/goposchte24.de\/index.php\/wp-json\/wp\/v2\/product\/175"}],"collection":[{"href":"https:\/\/goposchte24.de\/index.php\/wp-json\/wp\/v2\/product"}],"about":[{"href":"https:\/\/goposchte24.de\/index.php\/wp-json\/wp\/v2\/types\/product"}],"replies":[{"embeddable":true,"href":"https:\/\/goposchte24.de\/index.php\/wp-json\/wp\/v2\/comments?post=175"}],"wp:featuredmedia":[{"embeddable":true,"href":"https:\/\/goposchte24.de\/index.php\/wp-json\/wp\/v2\/media\/176"}],"wp:attachment":[{"href":"https:\/\/goposchte24.de\/index.php\/wp-json\/wp\/v2\/media?parent=175"}],"wp:term":[{"taxonomy":"product_cat","embeddable":true,"href":"https:\/\/goposchte24.de\/index.php\/wp-json\/wp\/v2\/product_cat?post=175"},{"taxonomy":"product_tag","embeddable":true,"href":"https:\/\/goposchte24.de\/index.php\/wp-json\/wp\/v2\/product_tag?post=175"}],"curies":[{"name":"wp","href":"https:\/\/api.w.org\/{rel}","templated":true}]}}