{"id":173,"date":"2023-09-05T21:55:21","date_gmt":"2023-09-05T21:55:21","guid":{"rendered":"https:\/\/goposchte24.de\/index.php\/product\/pampers-baby-windeln-pants-grose-6-15kg-harmonie-72-hoschenwindeln-alte-version\/"},"modified":"2023-09-29T22:39:43","modified_gmt":"2023-09-29T21:39:43","slug":"pampers-baby-windeln-pants-grose-6-15kg-harmonie-72-hoschenwindeln-alte-version","status":"publish","type":"product","link":"https:\/\/goposchte24.de\/index.php\/product\/pampers-baby-windeln-pants-grose-6-15kg-harmonie-72-hoschenwindeln-alte-version\/","title":{"rendered":"Pampers Baby Windeln Pants Gr\u00f6\u00dfe 6 (15kg+) Harmonie, 72 H\u00f6schenwindeln, Alte Version"},"content":{"rendered":"<ul class=\"amazon_features\">\n<li>Pampers Baby Windeln Pants Gr\u00f6\u00dfe 6 (15kg+) Harmonie, 72 H\u00f6schenwindeln, Alte Version<\/li>\n<\/ul>\n","protected":false},"excerpt":{"rendered":"<p>Pampers Baby Windeln Pants Gr\u00f6\u00dfe 6 (15kg+) Harmonie, 72 H\u00f6schenwindeln, Alte Version<\/p>\n","protected":false},"featured_media":174,"comment_status":"closed","ping_status":"closed","template":"","meta":[],"product_cat":[],"product_tag":[],"_links":{"self":[{"href":"https:\/\/goposchte24.de\/index.php\/wp-json\/wp\/v2\/product\/173"}],"collection":[{"href":"https:\/\/goposchte24.de\/index.php\/wp-json\/wp\/v2\/product"}],"about":[{"href":"https:\/\/goposchte24.de\/index.php\/wp-json\/wp\/v2\/types\/product"}],"replies":[{"embeddable":true,"href":"https:\/\/goposchte24.de\/index.php\/wp-json\/wp\/v2\/comments?post=173"}],"wp:featuredmedia":[{"embeddable":true,"href":"https:\/\/goposchte24.de\/index.php\/wp-json\/wp\/v2\/media\/174"}],"wp:attachment":[{"href":"https:\/\/goposchte24.de\/index.php\/wp-json\/wp\/v2\/media?parent=173"}],"wp:term":[{"taxonomy":"product_cat","embeddable":true,"href":"https:\/\/goposchte24.de\/index.php\/wp-json\/wp\/v2\/product_cat?post=173"},{"taxonomy":"product_tag","embeddable":true,"href":"https:\/\/goposchte24.de\/index.php\/wp-json\/wp\/v2\/product_tag?post=173"}],"curies":[{"name":"wp","href":"https:\/\/api.w.org\/{rel}","templated":true}]}}