{"id":165,"date":"2023-09-06T06:59:31","date_gmt":"2023-09-06T06:59:31","guid":{"rendered":"https:\/\/goposchte24.de\/index.php\/product\/vanish-oxi-action-gold-carpet-teppichreiniger-fleckenentferner-650g\/"},"modified":"2023-09-29T22:39:37","modified_gmt":"2023-09-29T21:39:37","slug":"vanish-oxi-action-gold-carpet-teppichreiniger-fleckenentferner-650g","status":"publish","type":"product","link":"https:\/\/goposchte24.de\/index.php\/product\/vanish-oxi-action-gold-carpet-teppichreiniger-fleckenentferner-650g\/","title":{"rendered":"Vanish Oxi Action &#8211; Gold Carpet &#8211; Teppichreiniger &#8211; Fleckenentferner &#8211; 650g"},"content":{"rendered":"<ul class=\"amazon_features\">\n<li>Carpet Gold bietet 5-mal mehr Vorteile als ein einfaches Staubsaugen, Ihre Teppiche und Teppiche sehen aus wie neu<\/li>\n<li>Fleckenentfernendes Pulver f\u00fcr Teppiche und Matten, sie sehen wieder aus wie neu<\/li>\n<li>Geeignet f\u00fcr gro\u00dfe Fl\u00e4chen<\/li>\n<li>Entfernt Ger\u00fcche, Schmutz und Tierhaare<\/li>\n<li>Enth\u00e4lt 650g Carpet Gold<\/li>\n<\/ul>\n","protected":false},"excerpt":{"rendered":"<p>Carpet Gold bietet 5-mal mehr Vorteile als ein einfaches Staubsaugen, Ihre Teppiche und Teppiche sehen aus wie neu Fleckenentfernendes Pulver f\u00fcr Teppiche und Matten, sie sehen wieder aus wie neu Geeignet f\u00fcr gro\u00dfe Fl\u00e4chen Entfernt Ger\u00fcche, Schmutz und Tierhaare Enth\u00e4lt 650g Carpet Gold<\/p>\n","protected":false},"featured_media":166,"comment_status":"closed","ping_status":"closed","template":"","meta":[],"product_cat":[],"product_tag":[],"_links":{"self":[{"href":"https:\/\/goposchte24.de\/index.php\/wp-json\/wp\/v2\/product\/165"}],"collection":[{"href":"https:\/\/goposchte24.de\/index.php\/wp-json\/wp\/v2\/product"}],"about":[{"href":"https:\/\/goposchte24.de\/index.php\/wp-json\/wp\/v2\/types\/product"}],"replies":[{"embeddable":true,"href":"https:\/\/goposchte24.de\/index.php\/wp-json\/wp\/v2\/comments?post=165"}],"wp:featuredmedia":[{"embeddable":true,"href":"https:\/\/goposchte24.de\/index.php\/wp-json\/wp\/v2\/media\/166"}],"wp:attachment":[{"href":"https:\/\/goposchte24.de\/index.php\/wp-json\/wp\/v2\/media?parent=165"}],"wp:term":[{"taxonomy":"product_cat","embeddable":true,"href":"https:\/\/goposchte24.de\/index.php\/wp-json\/wp\/v2\/product_cat?post=165"},{"taxonomy":"product_tag","embeddable":true,"href":"https:\/\/goposchte24.de\/index.php\/wp-json\/wp\/v2\/product_tag?post=165"}],"curies":[{"name":"wp","href":"https:\/\/api.w.org\/{rel}","templated":true}]}}