{"id":155,"date":"2023-08-30T13:51:27","date_gmt":"2023-08-30T13:51:27","guid":{"rendered":"https:\/\/goposchte24.de\/index.php\/product\/drynites-saugfahige-slips-fur-madchen-8-15-jahre-27-57-kg-13-stuck\/"},"modified":"2023-09-29T22:39:30","modified_gmt":"2023-09-29T21:39:30","slug":"drynites-saugfahige-slips-fur-madchen-8-15-jahre-27-57-kg-13-stuck","status":"publish","type":"product","link":"https:\/\/goposchte24.de\/index.php\/product\/drynites-saugfahige-slips-fur-madchen-8-15-jahre-27-57-kg-13-stuck\/","title":{"rendered":"DryNites &#8211; Saugf\u00e4hige Slips f\u00fcr M\u00e4dchen, 8-15 Jahre, 27-57 kg, 13 St\u00fcck"},"content":{"rendered":"<ul class=\"amazon_features\">\n<li>Enth\u00e4lt 13 Slips.<\/li>\n<li>Diskret: Sieht aus und f\u00fchlt sich an wie echte Unterw\u00e4sche.<\/li>\n<li>Weich: Weiches Gef\u00fchl innen und au\u00dfen mit optimaler Passform.<\/li>\n<li>Ger\u00e4uschlos: So ger\u00e4uschloses Material, dass Sie vergessen, dass Sie es tragen.<\/li>\n<\/ul>\n","protected":false},"excerpt":{"rendered":"<p>Enth\u00e4lt 13 Slips. Diskret: Sieht aus und f\u00fchlt sich an wie echte Unterw\u00e4sche. Weich: Weiches Gef\u00fchl innen und au\u00dfen mit optimaler Passform. Ger\u00e4uschlos: So ger\u00e4uschloses Material, dass Sie vergessen, dass Sie es tragen.<\/p>\n","protected":false},"featured_media":156,"comment_status":"closed","ping_status":"closed","template":"","meta":[],"product_cat":[],"product_tag":[],"_links":{"self":[{"href":"https:\/\/goposchte24.de\/index.php\/wp-json\/wp\/v2\/product\/155"}],"collection":[{"href":"https:\/\/goposchte24.de\/index.php\/wp-json\/wp\/v2\/product"}],"about":[{"href":"https:\/\/goposchte24.de\/index.php\/wp-json\/wp\/v2\/types\/product"}],"replies":[{"embeddable":true,"href":"https:\/\/goposchte24.de\/index.php\/wp-json\/wp\/v2\/comments?post=155"}],"wp:featuredmedia":[{"embeddable":true,"href":"https:\/\/goposchte24.de\/index.php\/wp-json\/wp\/v2\/media\/156"}],"wp:attachment":[{"href":"https:\/\/goposchte24.de\/index.php\/wp-json\/wp\/v2\/media?parent=155"}],"wp:term":[{"taxonomy":"product_cat","embeddable":true,"href":"https:\/\/goposchte24.de\/index.php\/wp-json\/wp\/v2\/product_cat?post=155"},{"taxonomy":"product_tag","embeddable":true,"href":"https:\/\/goposchte24.de\/index.php\/wp-json\/wp\/v2\/product_tag?post=155"}],"curies":[{"name":"wp","href":"https:\/\/api.w.org\/{rel}","templated":true}]}}