{"id":137,"date":"2023-08-30T15:49:42","date_gmt":"2023-08-30T15:49:42","guid":{"rendered":"https:\/\/goposchte24.de\/index.php\/product\/vanish-haustier-experte-teppich-und-polsterreiniger-1-x-750-g-pulver-zur-pflege-verschiedener-textilien-und-polster-ideal-fur-grosflachen-gegen-schmutz-tierhaare-und-g\/"},"modified":"2023-09-29T22:39:15","modified_gmt":"2023-09-29T21:39:15","slug":"vanish-haustier-experte-teppich-und-polsterreiniger-1-x-750-g-pulver-zur-pflege-verschiedener-textilien-und-polster-ideal-fur-grosflachen-gegen-schmutz-tierhaare-und-g","status":"publish","type":"product","link":"https:\/\/goposchte24.de\/index.php\/product\/vanish-haustier-experte-teppich-und-polsterreiniger-1-x-750-g-pulver-zur-pflege-verschiedener-textilien-und-polster-ideal-fur-grosflachen-gegen-schmutz-tierhaare-und-g\/","title":{"rendered":"Vanish Haustier-Experte Teppich- und Polsterreiniger \u2013 1 x 750 g \u2013 Pulver zur Pflege verschiedener Textilien und Polster, ideal f\u00fcr Gro\u00dffl\u00e4chen \u2013 Gegen Schmutz, Tierhaare und Geruch nach Urin"},"content":{"rendered":"<ul class=\"amazon_features\">\n<li>UNVERZICHTBAR F\u00dcR HAUSTIER-BESITZER: Das Vanish Polster- und Teppichpulver entfernt Schmutz auf Gro\u00dffl\u00e4chen sowie Schlammspuren, Schmutz und Ger\u00fcche schon ab der 1. Anwendung<\/li>\n<li>EFFEKTIVER ALS ALLEINIGES STAUBSAUGEN: Das feuchte Reinigungspulver entfernt 3 x mehr Tierhaare von Haustieren und durch sie verursachte schlechte Ger\u00fcche, wie z. B. Uringeruch<\/li>\n<li>F\u00dcR VERSCHIEDENSTE TEXTILIEN: Das farbsichere Reinigungsmittel eignet sich ideal f\u00fcr Teppiche, Sofas, Vorh\u00e4nge, Autositze, Polster u. v . m.- f\u00fcr ein weicheres Gef\u00fchl und mehr Frische<\/li>\n<li>ANWENDUNG: Das Pulver wird abschnittsweise aufgetragen und mit einer weichen B\u00fcrste eingearbeitet &#8211; anschlie\u00dfend einwirken lassen, bis es trocken ist und absaugen \/ L\u00fcften nicht vergessen<\/li>\n<li>LIEFERUMFANG: 1 x 750 g Vanish Haustier-Experte zur gro\u00dffl\u00e4chigen Reinigung \/ Schmutz-, Geruchs- und Tierhaarentferner f\u00fcr Teppiche und Polster \/ Die Anwendungshinweise auf der Verpackung befolgen<\/li>\n<li>GEMEINSAM GEGEN PLASTIK IM OZEAN: Mit jedem Kauf helfen Sie uns insgesamt 5 Millionen Plastikflaschen aus der Umwelt zu sammeln (Bei Verkauf durch Amazon\/Sediva\/Lamos4u 1 Flasche = 20g Plastikm\u00fcll)\u200b<\/li>\n<\/ul>\n","protected":false},"excerpt":{"rendered":"<p>UNVERZICHTBAR F\u00dcR HAUSTIER-BESITZER: Das Vanish Polster- und Teppichpulver entfernt Schmutz auf Gro\u00dffl\u00e4chen sowie Schlammspuren, Schmutz und Ger\u00fcche schon ab der 1. Anwendung EFFEKTIVER ALS ALLEINIGES STAUBSAUGEN: Das feuchte Reinigungspulver entfernt 3 x mehr Tierhaare von Haustieren und durch sie verursachte schlechte Ger\u00fcche, wie z. B. Uringeruch F\u00dcR VERSCHIEDENSTE TEXTILIEN: Das farbsichere Reinigungsmittel eignet sich ideal [&hellip;]<\/p>\n","protected":false},"featured_media":138,"comment_status":"closed","ping_status":"closed","template":"","meta":[],"product_cat":[],"product_tag":[],"_links":{"self":[{"href":"https:\/\/goposchte24.de\/index.php\/wp-json\/wp\/v2\/product\/137"}],"collection":[{"href":"https:\/\/goposchte24.de\/index.php\/wp-json\/wp\/v2\/product"}],"about":[{"href":"https:\/\/goposchte24.de\/index.php\/wp-json\/wp\/v2\/types\/product"}],"replies":[{"embeddable":true,"href":"https:\/\/goposchte24.de\/index.php\/wp-json\/wp\/v2\/comments?post=137"}],"wp:featuredmedia":[{"embeddable":true,"href":"https:\/\/goposchte24.de\/index.php\/wp-json\/wp\/v2\/media\/138"}],"wp:attachment":[{"href":"https:\/\/goposchte24.de\/index.php\/wp-json\/wp\/v2\/media?parent=137"}],"wp:term":[{"taxonomy":"product_cat","embeddable":true,"href":"https:\/\/goposchte24.de\/index.php\/wp-json\/wp\/v2\/product_cat?post=137"},{"taxonomy":"product_tag","embeddable":true,"href":"https:\/\/goposchte24.de\/index.php\/wp-json\/wp\/v2\/product_tag?post=137"}],"curies":[{"name":"wp","href":"https:\/\/api.w.org\/{rel}","templated":true}]}}