{"id":135,"date":"2023-08-31T20:27:43","date_gmt":"2023-08-31T20:27:43","guid":{"rendered":"https:\/\/goposchte24.de\/index.php\/product\/pampers-baby-windeln-grose-1-2-5-kg-premium-schutz-neugeborene-144-windeln-jumbo-pack-duo-baby-essentials-fur-neugeborene\/"},"modified":"2023-09-29T22:39:13","modified_gmt":"2023-09-29T21:39:13","slug":"pampers-baby-windeln-grose-1-2-5-kg-premium-schutz-neugeborene-144-windeln-jumbo-pack-duo-baby-essentials-fur-neugeborene","status":"publish","type":"product","link":"https:\/\/goposchte24.de\/index.php\/product\/pampers-baby-windeln-grose-1-2-5-kg-premium-schutz-neugeborene-144-windeln-jumbo-pack-duo-baby-essentials-fur-neugeborene\/","title":{"rendered":"Pampers Baby Windeln Gr\u00f6\u00dfe 1 (2-5 kg) Premium Schutz (Neugeborene), 144 Windeln, Jumbo Pack Duo, Baby Essentials f\u00fcr Neugeborene"},"content":{"rendered":"<ul class=\"amazon_features\">\n<li>Pampers Premium Protection (New Baby) ist die einzige Neugeborenen-Windel, die von der British Skin Foundation genehmigt wurde<\/li>\n<li>Gef\u00fcttert mit Herz-Steppdecken, um sich noch weicher auf der Babyhaut anzuf\u00fchlen, w\u00e4hrend N\u00e4sse und Schmutz weggezogen werden<\/li>\n<li>Ausgew\u00e4hlte federweiche Materialien f\u00fcr Pampers sanftes Hautgef\u00fchl auf Babys Haut (enth\u00e4lt keine Federn)<\/li>\n<li>N\u00e4sseindikator zeigt an, wann Ihr Baby eine Wicklung braucht<\/li>\n<li>Windeln mit Luftkan\u00e4len f\u00fcr atmungsaktive Trockenheit und bis zu 12 Stunden Trockenheit<\/li>\n<li>Nabelfreundliche Form f\u00fcr Neugeborene (erh\u00e4ltlich in den Gr\u00f6\u00dfen 0, 1, 2)<\/li>\n<li>M\u00f6chten Sie mehr \u00fcber die verwendeten Komponenten erfahren? Besuchen Sie die Pampers Website<\/li>\n<\/ul>\n","protected":false},"excerpt":{"rendered":"<p>Pampers Premium Protection (New Baby) ist die einzige Neugeborenen-Windel, die von der British Skin Foundation genehmigt wurde Gef\u00fcttert mit Herz-Steppdecken, um sich noch weicher auf der Babyhaut anzuf\u00fchlen, w\u00e4hrend N\u00e4sse und Schmutz weggezogen werden Ausgew\u00e4hlte federweiche Materialien f\u00fcr Pampers sanftes Hautgef\u00fchl auf Babys Haut (enth\u00e4lt keine Federn) N\u00e4sseindikator zeigt an, wann Ihr Baby eine Wicklung [&hellip;]<\/p>\n","protected":false},"featured_media":136,"comment_status":"closed","ping_status":"closed","template":"","meta":[],"product_cat":[],"product_tag":[],"_links":{"self":[{"href":"https:\/\/goposchte24.de\/index.php\/wp-json\/wp\/v2\/product\/135"}],"collection":[{"href":"https:\/\/goposchte24.de\/index.php\/wp-json\/wp\/v2\/product"}],"about":[{"href":"https:\/\/goposchte24.de\/index.php\/wp-json\/wp\/v2\/types\/product"}],"replies":[{"embeddable":true,"href":"https:\/\/goposchte24.de\/index.php\/wp-json\/wp\/v2\/comments?post=135"}],"wp:featuredmedia":[{"embeddable":true,"href":"https:\/\/goposchte24.de\/index.php\/wp-json\/wp\/v2\/media\/136"}],"wp:attachment":[{"href":"https:\/\/goposchte24.de\/index.php\/wp-json\/wp\/v2\/media?parent=135"}],"wp:term":[{"taxonomy":"product_cat","embeddable":true,"href":"https:\/\/goposchte24.de\/index.php\/wp-json\/wp\/v2\/product_cat?post=135"},{"taxonomy":"product_tag","embeddable":true,"href":"https:\/\/goposchte24.de\/index.php\/wp-json\/wp\/v2\/product_tag?post=135"}],"curies":[{"name":"wp","href":"https:\/\/api.w.org\/{rel}","templated":true}]}}