{"id":133,"date":"2023-09-05T21:50:15","date_gmt":"2023-09-05T21:50:15","guid":{"rendered":"https:\/\/goposchte24.de\/index.php\/product\/pampers-baby-dry-night-pants-gr-4\/"},"modified":"2023-09-29T22:39:11","modified_gmt":"2023-09-29T21:39:11","slug":"pampers-baby-dry-night-pants-gr-4","status":"publish","type":"product","link":"https:\/\/goposchte24.de\/index.php\/product\/pampers-baby-dry-night-pants-gr-4\/","title":{"rendered":"Pampers Baby Dry Night Pants Gr. 4"},"content":{"rendered":"<ul class=\"amazon_features\">\n<li>Pampers Baby-Dry Night Pants bieten zus\u00e4tzlichen Schutz f\u00fcr die ganze Nacht<\/li>\n<li>Stop &#038; Schutz T\u00e4schchen, das ein Auslaufen am R\u00fccken verhindert<\/li>\n<li>360\u00b0 FIT passt sich angenehm an das B\u00e4uchlein deines Babys an und hilft, ein Auslaufen zu verhindern<\/li>\n<li>Der verst\u00e4rkte Saugkern nimmt Fl\u00fcssigkeiten sofort auf und bietet bis zu 12 Stunden Rundum-Auslaufschutz<\/li>\n<li>2-fach verst\u00e4rkte Sicherheitsb\u00fcndchen helfen, ein Auslaufen an den Beinchen zu verhindern<\/li>\n<li>Einfaches Anziehen: Zum Anziehen einfach hochziehen<\/li>\n<\/ul>\n","protected":false},"excerpt":{"rendered":"<p>Pampers Baby-Dry Night Pants bieten zus\u00e4tzlichen Schutz f\u00fcr die ganze Nacht Stop &#038; Schutz T\u00e4schchen, das ein Auslaufen am R\u00fccken verhindert 360\u00b0 FIT passt sich angenehm an das B\u00e4uchlein deines Babys an und hilft, ein Auslaufen zu verhindern Der verst\u00e4rkte Saugkern nimmt Fl\u00fcssigkeiten sofort auf und bietet bis zu 12 Stunden Rundum-Auslaufschutz 2-fach verst\u00e4rkte Sicherheitsb\u00fcndchen [&hellip;]<\/p>\n","protected":false},"featured_media":134,"comment_status":"closed","ping_status":"closed","template":"","meta":[],"product_cat":[],"product_tag":[],"_links":{"self":[{"href":"https:\/\/goposchte24.de\/index.php\/wp-json\/wp\/v2\/product\/133"}],"collection":[{"href":"https:\/\/goposchte24.de\/index.php\/wp-json\/wp\/v2\/product"}],"about":[{"href":"https:\/\/goposchte24.de\/index.php\/wp-json\/wp\/v2\/types\/product"}],"replies":[{"embeddable":true,"href":"https:\/\/goposchte24.de\/index.php\/wp-json\/wp\/v2\/comments?post=133"}],"wp:featuredmedia":[{"embeddable":true,"href":"https:\/\/goposchte24.de\/index.php\/wp-json\/wp\/v2\/media\/134"}],"wp:attachment":[{"href":"https:\/\/goposchte24.de\/index.php\/wp-json\/wp\/v2\/media?parent=133"}],"wp:term":[{"taxonomy":"product_cat","embeddable":true,"href":"https:\/\/goposchte24.de\/index.php\/wp-json\/wp\/v2\/product_cat?post=133"},{"taxonomy":"product_tag","embeddable":true,"href":"https:\/\/goposchte24.de\/index.php\/wp-json\/wp\/v2\/product_tag?post=133"}],"curies":[{"name":"wp","href":"https:\/\/api.w.org\/{rel}","templated":true}]}}